{"id":4032,"date":"2025-11-06T03:17:17","date_gmt":"2025-11-06T08:17:17","guid":{"rendered":"https:\/\/centretmo.com\/dans-les-medias\/"},"modified":"2026-04-24T10:31:00","modified_gmt":"2026-04-24T14:31:00","slug":"in-the-media","status":"publish","type":"page","link":"https:\/\/centretmo.com\/en\/in-the-media\/","title":{"rendered":"In the media"},"content":{"rendered":"<h2>Since 2025, Mathieu Girard, physiotherapist, osteopath, and owner-manager of Centre TMO, has been contributing to the program Sur le vif on ICI Radio-Canada Premi\u00e8re.<\/h2>\n<p>Each segment offers practical advice to help listeners better understand common injuries, the role of physiotherapy, and simple strategies for safe recovery.<\/p>\n<p><i>Content available in French only.<\/i><\/p>\n","protected":false},"excerpt":{"rendered":"<p>Since 2025, Mathieu Girard, physiotherapist, osteopath, and owner-manager of Centre TMO, has been contributing to the program Sur le vif on ICI Radio-Canada Premi\u00e8re. Each segment offers practical advice to help listeners better understand common injuries, the role of physiotherapy, and simple strategies for safe recovery. Content available in French only.<\/p>\n","protected":false},"author":1,"featured_media":0,"parent":0,"menu_order":1,"comment_status":"closed","ping_status":"closed","template":"templates\/page-media.php","meta":{"_acf_changed":false,"footnotes":""},"class_list":["post-4032","page","type-page","status-publish","hentry"],"acf":[],"yoast_head":"<!-- This site is optimized with the Yoast SEO plugin v27.5 - https:\/\/yoast.com\/product\/yoast-seo-wordpress\/ -->\n<title>In the media - Centre TMO<\/title>\n<meta name=\"robots\" content=\"index, follow, max-snippet:-1, max-image-preview:large, max-video-preview:-1\" \/>\n<link rel=\"canonical\" href=\"https:\/\/centretmo.com\/en\/in-the-media\/\" \/>\n<meta property=\"og:locale\" content=\"en_US\" \/>\n<meta property=\"og:type\" content=\"article\" \/>\n<meta property=\"og:title\" content=\"In the media - Centre TMO\" \/>\n<meta property=\"og:description\" content=\"Since 2025, Mathieu Girard, physiotherapist, osteopath, and owner-manager of Centre TMO, has been contributing to the program Sur le vif on ICI Radio-Canada Premi\u00e8re. Each segment offers practical advice to help listeners better understand common injuries, the role of physiotherapy, and simple strategies for safe recovery. Content available in French only.\" \/>\n<meta property=\"og:url\" content=\"https:\/\/centretmo.com\/en\/in-the-media\/\" \/>\n<meta property=\"og:site_name\" content=\"Centre TMO\" \/>\n<meta property=\"article:modified_time\" content=\"2026-04-24T14:31:00+00:00\" \/>\n<meta name=\"twitter:card\" content=\"summary_large_image\" \/>\n<meta name=\"twitter:label1\" content=\"Est. reading time\" \/>\n\t<meta name=\"twitter:data1\" content=\"1 minute\" \/>\n<script type=\"application\/ld+json\" class=\"yoast-schema-graph\">{\"@context\":\"https:\\\/\\\/schema.org\",\"@graph\":[{\"@type\":\"WebPage\",\"@id\":\"https:\\\/\\\/centretmo.com\\\/en\\\/in-the-media\\\/\",\"url\":\"https:\\\/\\\/centretmo.com\\\/en\\\/in-the-media\\\/\",\"name\":\"In the media - Centre TMO\",\"isPartOf\":{\"@id\":\"https:\\\/\\\/centretmo.com\\\/#website\"},\"datePublished\":\"2025-11-06T08:17:17+00:00\",\"dateModified\":\"2026-04-24T14:31:00+00:00\",\"breadcrumb\":{\"@id\":\"https:\\\/\\\/centretmo.com\\\/en\\\/in-the-media\\\/#breadcrumb\"},\"inLanguage\":\"en-US\",\"potentialAction\":[{\"@type\":\"ReadAction\",\"target\":[\"https:\\\/\\\/centretmo.com\\\/en\\\/in-the-media\\\/\"]}]},{\"@type\":\"BreadcrumbList\",\"@id\":\"https:\\\/\\\/centretmo.com\\\/en\\\/in-the-media\\\/#breadcrumb\",\"itemListElement\":[{\"@type\":\"ListItem\",\"position\":1,\"name\":\"Home\",\"item\":\"https:\\\/\\\/centretmo.com\\\/en\\\/\"},{\"@type\":\"ListItem\",\"position\":2,\"name\":\"In the media\"}]},{\"@type\":\"WebSite\",\"@id\":\"https:\\\/\\\/centretmo.com\\\/#website\",\"url\":\"https:\\\/\\\/centretmo.com\\\/\",\"name\":\"Centre TMO\",\"description\":\"Une \u00e9quipe multidisciplinaire de th\u00e9rapeutes professionnels exp\u00e9riment\u00e9s\",\"potentialAction\":[{\"@type\":\"SearchAction\",\"target\":{\"@type\":\"EntryPoint\",\"urlTemplate\":\"https:\\\/\\\/centretmo.com\\\/?s={search_term_string}\"},\"query-input\":{\"@type\":\"PropertyValueSpecification\",\"valueRequired\":true,\"valueName\":\"search_term_string\"}}],\"inLanguage\":\"en-US\"}]}<\/script>\n<!-- \/ Yoast SEO plugin. -->","yoast_head_json":{"title":"In the media - Centre TMO","robots":{"index":"index","follow":"follow","max-snippet":"max-snippet:-1","max-image-preview":"max-image-preview:large","max-video-preview":"max-video-preview:-1"},"canonical":"https:\/\/centretmo.com\/en\/in-the-media\/","og_locale":"en_US","og_type":"article","og_title":"In the media - Centre TMO","og_description":"Since 2025, Mathieu Girard, physiotherapist, osteopath, and owner-manager of Centre TMO, has been contributing to the program Sur le vif on ICI Radio-Canada Premi\u00e8re. Each segment offers practical advice to help listeners better understand common injuries, the role of physiotherapy, and simple strategies for safe recovery. Content available in French only.","og_url":"https:\/\/centretmo.com\/en\/in-the-media\/","og_site_name":"Centre TMO","article_modified_time":"2026-04-24T14:31:00+00:00","twitter_card":"summary_large_image","twitter_misc":{"Est. reading time":"1 minute"},"schema":{"@context":"https:\/\/schema.org","@graph":[{"@type":"WebPage","@id":"https:\/\/centretmo.com\/en\/in-the-media\/","url":"https:\/\/centretmo.com\/en\/in-the-media\/","name":"In the media - Centre TMO","isPartOf":{"@id":"https:\/\/centretmo.com\/#website"},"datePublished":"2025-11-06T08:17:17+00:00","dateModified":"2026-04-24T14:31:00+00:00","breadcrumb":{"@id":"https:\/\/centretmo.com\/en\/in-the-media\/#breadcrumb"},"inLanguage":"en-US","potentialAction":[{"@type":"ReadAction","target":["https:\/\/centretmo.com\/en\/in-the-media\/"]}]},{"@type":"BreadcrumbList","@id":"https:\/\/centretmo.com\/en\/in-the-media\/#breadcrumb","itemListElement":[{"@type":"ListItem","position":1,"name":"Home","item":"https:\/\/centretmo.com\/en\/"},{"@type":"ListItem","position":2,"name":"In the media"}]},{"@type":"WebSite","@id":"https:\/\/centretmo.com\/#website","url":"https:\/\/centretmo.com\/","name":"Centre TMO","description":"Une \u00e9quipe multidisciplinaire de th\u00e9rapeutes professionnels exp\u00e9riment\u00e9s","potentialAction":[{"@type":"SearchAction","target":{"@type":"EntryPoint","urlTemplate":"https:\/\/centretmo.com\/?s={search_term_string}"},"query-input":{"@type":"PropertyValueSpecification","valueRequired":true,"valueName":"search_term_string"}}],"inLanguage":"en-US"}]}},"_links":{"self":[{"href":"https:\/\/centretmo.com\/en\/wp-json\/wp\/v2\/pages\/4032","targetHints":{"allow":["GET"]}}],"collection":[{"href":"https:\/\/centretmo.com\/en\/wp-json\/wp\/v2\/pages"}],"about":[{"href":"https:\/\/centretmo.com\/en\/wp-json\/wp\/v2\/types\/page"}],"author":[{"embeddable":true,"href":"https:\/\/centretmo.com\/en\/wp-json\/wp\/v2\/users\/1"}],"replies":[{"embeddable":true,"href":"https:\/\/centretmo.com\/en\/wp-json\/wp\/v2\/comments?post=4032"}],"version-history":[{"count":5,"href":"https:\/\/centretmo.com\/en\/wp-json\/wp\/v2\/pages\/4032\/revisions"}],"predecessor-version":[{"id":4257,"href":"https:\/\/centretmo.com\/en\/wp-json\/wp\/v2\/pages\/4032\/revisions\/4257"}],"wp:attachment":[{"href":"https:\/\/centretmo.com\/en\/wp-json\/wp\/v2\/media?parent=4032"}],"curies":[{"name":"wp","href":"https:\/\/api.w.org\/{rel}","templated":true}]}}