{"id":3908,"date":"2023-11-29T04:08:19","date_gmt":"2023-11-29T09:08:19","guid":{"rendered":"https:\/\/centretmo.com\/cheque-cadeau\/"},"modified":"2024-03-26T15:12:20","modified_gmt":"2024-03-26T19:12:20","slug":"gift-certificates","status":"publish","type":"page","link":"https:\/\/centretmo.com\/en\/gift-certificates\/","title":{"rendered":"Gift certificates"},"content":{"rendered":"","protected":false},"excerpt":{"rendered":"","protected":false},"author":1,"featured_media":0,"parent":0,"menu_order":0,"comment_status":"closed","ping_status":"closed","template":"","meta":{"_acf_changed":false,"footnotes":""},"class_list":["post-3908","page","type-page","status-publish","hentry"],"acf":[],"yoast_head":"<!-- This site is optimized with the Yoast SEO plugin v27.5 - https:\/\/yoast.com\/product\/yoast-seo-wordpress\/ -->\n<title>Gift certificates - Centre TMO<\/title>\n<meta name=\"robots\" content=\"index, follow, max-snippet:-1, max-image-preview:large, max-video-preview:-1\" \/>\n<link rel=\"canonical\" href=\"https:\/\/centretmo.com\/en\/gift-certificates\/\" \/>\n<meta property=\"og:locale\" content=\"en_US\" \/>\n<meta property=\"og:type\" content=\"article\" \/>\n<meta property=\"og:title\" content=\"Gift certificates - Centre TMO\" \/>\n<meta property=\"og:url\" content=\"https:\/\/centretmo.com\/en\/gift-certificates\/\" \/>\n<meta property=\"og:site_name\" content=\"Centre TMO\" \/>\n<meta property=\"article:modified_time\" content=\"2024-03-26T19:12:20+00:00\" \/>\n<meta name=\"twitter:card\" content=\"summary_large_image\" \/>\n<script type=\"application\/ld+json\" class=\"yoast-schema-graph\">{\"@context\":\"https:\\\/\\\/schema.org\",\"@graph\":[{\"@type\":\"WebPage\",\"@id\":\"https:\\\/\\\/centretmo.com\\\/en\\\/gift-certificates\\\/\",\"url\":\"https:\\\/\\\/centretmo.com\\\/en\\\/gift-certificates\\\/\",\"name\":\"Gift certificates - Centre TMO\",\"isPartOf\":{\"@id\":\"https:\\\/\\\/centretmo.com\\\/#website\"},\"datePublished\":\"2023-11-29T09:08:19+00:00\",\"dateModified\":\"2024-03-26T19:12:20+00:00\",\"breadcrumb\":{\"@id\":\"https:\\\/\\\/centretmo.com\\\/en\\\/gift-certificates\\\/#breadcrumb\"},\"inLanguage\":\"en-US\",\"potentialAction\":[{\"@type\":\"ReadAction\",\"target\":[\"https:\\\/\\\/centretmo.com\\\/en\\\/gift-certificates\\\/\"]}]},{\"@type\":\"BreadcrumbList\",\"@id\":\"https:\\\/\\\/centretmo.com\\\/en\\\/gift-certificates\\\/#breadcrumb\",\"itemListElement\":[{\"@type\":\"ListItem\",\"position\":1,\"name\":\"Home\",\"item\":\"https:\\\/\\\/centretmo.com\\\/en\\\/\"},{\"@type\":\"ListItem\",\"position\":2,\"name\":\"Gift certificates\"}]},{\"@type\":\"WebSite\",\"@id\":\"https:\\\/\\\/centretmo.com\\\/#website\",\"url\":\"https:\\\/\\\/centretmo.com\\\/\",\"name\":\"Centre TMO\",\"description\":\"Une \u00e9quipe multidisciplinaire de th\u00e9rapeutes professionnels exp\u00e9riment\u00e9s\",\"potentialAction\":[{\"@type\":\"SearchAction\",\"target\":{\"@type\":\"EntryPoint\",\"urlTemplate\":\"https:\\\/\\\/centretmo.com\\\/?s={search_term_string}\"},\"query-input\":{\"@type\":\"PropertyValueSpecification\",\"valueRequired\":true,\"valueName\":\"search_term_string\"}}],\"inLanguage\":\"en-US\"}]}<\/script>\n<!-- \/ Yoast SEO plugin. -->","yoast_head_json":{"title":"Gift certificates - Centre TMO","robots":{"index":"index","follow":"follow","max-snippet":"max-snippet:-1","max-image-preview":"max-image-preview:large","max-video-preview":"max-video-preview:-1"},"canonical":"https:\/\/centretmo.com\/en\/gift-certificates\/","og_locale":"en_US","og_type":"article","og_title":"Gift certificates - Centre TMO","og_url":"https:\/\/centretmo.com\/en\/gift-certificates\/","og_site_name":"Centre TMO","article_modified_time":"2024-03-26T19:12:20+00:00","twitter_card":"summary_large_image","schema":{"@context":"https:\/\/schema.org","@graph":[{"@type":"WebPage","@id":"https:\/\/centretmo.com\/en\/gift-certificates\/","url":"https:\/\/centretmo.com\/en\/gift-certificates\/","name":"Gift certificates - Centre TMO","isPartOf":{"@id":"https:\/\/centretmo.com\/#website"},"datePublished":"2023-11-29T09:08:19+00:00","dateModified":"2024-03-26T19:12:20+00:00","breadcrumb":{"@id":"https:\/\/centretmo.com\/en\/gift-certificates\/#breadcrumb"},"inLanguage":"en-US","potentialAction":[{"@type":"ReadAction","target":["https:\/\/centretmo.com\/en\/gift-certificates\/"]}]},{"@type":"BreadcrumbList","@id":"https:\/\/centretmo.com\/en\/gift-certificates\/#breadcrumb","itemListElement":[{"@type":"ListItem","position":1,"name":"Home","item":"https:\/\/centretmo.com\/en\/"},{"@type":"ListItem","position":2,"name":"Gift certificates"}]},{"@type":"WebSite","@id":"https:\/\/centretmo.com\/#website","url":"https:\/\/centretmo.com\/","name":"Centre TMO","description":"Une \u00e9quipe multidisciplinaire de th\u00e9rapeutes professionnels exp\u00e9riment\u00e9s","potentialAction":[{"@type":"SearchAction","target":{"@type":"EntryPoint","urlTemplate":"https:\/\/centretmo.com\/?s={search_term_string}"},"query-input":{"@type":"PropertyValueSpecification","valueRequired":true,"valueName":"search_term_string"}}],"inLanguage":"en-US"}]}},"_links":{"self":[{"href":"https:\/\/centretmo.com\/en\/wp-json\/wp\/v2\/pages\/3908","targetHints":{"allow":["GET"]}}],"collection":[{"href":"https:\/\/centretmo.com\/en\/wp-json\/wp\/v2\/pages"}],"about":[{"href":"https:\/\/centretmo.com\/en\/wp-json\/wp\/v2\/types\/page"}],"author":[{"embeddable":true,"href":"https:\/\/centretmo.com\/en\/wp-json\/wp\/v2\/users\/1"}],"replies":[{"embeddable":true,"href":"https:\/\/centretmo.com\/en\/wp-json\/wp\/v2\/comments?post=3908"}],"version-history":[{"count":5,"href":"https:\/\/centretmo.com\/en\/wp-json\/wp\/v2\/pages\/3908\/revisions"}],"predecessor-version":[{"id":3937,"href":"https:\/\/centretmo.com\/en\/wp-json\/wp\/v2\/pages\/3908\/revisions\/3937"}],"wp:attachment":[{"href":"https:\/\/centretmo.com\/en\/wp-json\/wp\/v2\/media?parent=3908"}],"curies":[{"name":"wp","href":"https:\/\/api.w.org\/{rel}","templated":true}]}}