{"id":2995,"date":"2018-09-21T13:38:28","date_gmt":"2018-09-21T13:38:28","guid":{"rendered":"https:\/\/centretmo.com\/faq\/"},"modified":"2021-02-17T15:45:08","modified_gmt":"2021-02-17T20:45:08","slug":"faq","status":"publish","type":"page","link":"https:\/\/centretmo.com\/en\/faq\/","title":{"rendered":"FAQ"},"content":{"rendered":"","protected":false},"excerpt":{"rendered":"","protected":false},"author":1,"featured_media":0,"parent":0,"menu_order":21,"comment_status":"closed","ping_status":"closed","template":"templates\/page-faq.php","meta":{"_acf_changed":false,"footnotes":""},"class_list":["post-2995","page","type-page","status-publish","hentry"],"acf":[],"yoast_head":"<!-- This site is optimized with the Yoast SEO plugin v27.5 - https:\/\/yoast.com\/product\/yoast-seo-wordpress\/ -->\n<title>FAQ - Centre TMO<\/title>\n<meta name=\"description\" content=\"Trouvez toutes les r\u00e9ponses \u00e0 vos questions dans notre section FAQ \u2013 foire aux questions. Fonctionnement, habillement, assurances, formulaires \u2013 tout y est!\" \/>\n<meta name=\"robots\" content=\"index, follow, max-snippet:-1, max-image-preview:large, max-video-preview:-1\" \/>\n<link rel=\"canonical\" href=\"https:\/\/centretmo.com\/en\/faq\/\" \/>\n<meta property=\"og:locale\" content=\"en_US\" \/>\n<meta property=\"og:type\" content=\"article\" \/>\n<meta property=\"og:title\" content=\"FAQ - Centre TMO\" \/>\n<meta property=\"og:description\" content=\"Trouvez toutes les r\u00e9ponses \u00e0 vos questions dans notre section FAQ \u2013 foire aux questions. Fonctionnement, habillement, assurances, formulaires \u2013 tout y est!\" \/>\n<meta property=\"og:url\" content=\"https:\/\/centretmo.com\/en\/faq\/\" \/>\n<meta property=\"og:site_name\" content=\"Centre TMO\" \/>\n<meta property=\"article:modified_time\" content=\"2021-02-17T20:45:08+00:00\" \/>\n<meta name=\"twitter:card\" content=\"summary_large_image\" \/>\n<script type=\"application\/ld+json\" class=\"yoast-schema-graph\">{\"@context\":\"https:\\\/\\\/schema.org\",\"@graph\":[{\"@type\":\"WebPage\",\"@id\":\"https:\\\/\\\/centretmo.com\\\/en\\\/faq\\\/\",\"url\":\"https:\\\/\\\/centretmo.com\\\/en\\\/faq\\\/\",\"name\":\"FAQ - Centre TMO\",\"isPartOf\":{\"@id\":\"https:\\\/\\\/centretmo.com\\\/#website\"},\"datePublished\":\"2018-09-21T13:38:28+00:00\",\"dateModified\":\"2021-02-17T20:45:08+00:00\",\"description\":\"Trouvez toutes les r\u00e9ponses \u00e0 vos questions dans notre section FAQ \u2013 foire aux questions. Fonctionnement, habillement, assurances, formulaires \u2013 tout y est!\",\"breadcrumb\":{\"@id\":\"https:\\\/\\\/centretmo.com\\\/en\\\/faq\\\/#breadcrumb\"},\"inLanguage\":\"en-US\",\"potentialAction\":[{\"@type\":\"ReadAction\",\"target\":[\"https:\\\/\\\/centretmo.com\\\/en\\\/faq\\\/\"]}]},{\"@type\":\"BreadcrumbList\",\"@id\":\"https:\\\/\\\/centretmo.com\\\/en\\\/faq\\\/#breadcrumb\",\"itemListElement\":[{\"@type\":\"ListItem\",\"position\":1,\"name\":\"Home\",\"item\":\"https:\\\/\\\/centretmo.com\\\/en\\\/\"},{\"@type\":\"ListItem\",\"position\":2,\"name\":\"FAQ\"}]},{\"@type\":\"WebSite\",\"@id\":\"https:\\\/\\\/centretmo.com\\\/#website\",\"url\":\"https:\\\/\\\/centretmo.com\\\/\",\"name\":\"Centre TMO\",\"description\":\"Une \u00e9quipe multidisciplinaire de th\u00e9rapeutes professionnels exp\u00e9riment\u00e9s\",\"potentialAction\":[{\"@type\":\"SearchAction\",\"target\":{\"@type\":\"EntryPoint\",\"urlTemplate\":\"https:\\\/\\\/centretmo.com\\\/?s={search_term_string}\"},\"query-input\":{\"@type\":\"PropertyValueSpecification\",\"valueRequired\":true,\"valueName\":\"search_term_string\"}}],\"inLanguage\":\"en-US\"}]}<\/script>\n<!-- \/ Yoast SEO plugin. -->","yoast_head_json":{"title":"FAQ - Centre TMO","description":"Trouvez toutes les r\u00e9ponses \u00e0 vos questions dans notre section FAQ \u2013 foire aux questions. Fonctionnement, habillement, assurances, formulaires \u2013 tout y est!","robots":{"index":"index","follow":"follow","max-snippet":"max-snippet:-1","max-image-preview":"max-image-preview:large","max-video-preview":"max-video-preview:-1"},"canonical":"https:\/\/centretmo.com\/en\/faq\/","og_locale":"en_US","og_type":"article","og_title":"FAQ - Centre TMO","og_description":"Trouvez toutes les r\u00e9ponses \u00e0 vos questions dans notre section FAQ \u2013 foire aux questions. Fonctionnement, habillement, assurances, formulaires \u2013 tout y est!","og_url":"https:\/\/centretmo.com\/en\/faq\/","og_site_name":"Centre TMO","article_modified_time":"2021-02-17T20:45:08+00:00","twitter_card":"summary_large_image","schema":{"@context":"https:\/\/schema.org","@graph":[{"@type":"WebPage","@id":"https:\/\/centretmo.com\/en\/faq\/","url":"https:\/\/centretmo.com\/en\/faq\/","name":"FAQ - Centre TMO","isPartOf":{"@id":"https:\/\/centretmo.com\/#website"},"datePublished":"2018-09-21T13:38:28+00:00","dateModified":"2021-02-17T20:45:08+00:00","description":"Trouvez toutes les r\u00e9ponses \u00e0 vos questions dans notre section FAQ \u2013 foire aux questions. Fonctionnement, habillement, assurances, formulaires \u2013 tout y est!","breadcrumb":{"@id":"https:\/\/centretmo.com\/en\/faq\/#breadcrumb"},"inLanguage":"en-US","potentialAction":[{"@type":"ReadAction","target":["https:\/\/centretmo.com\/en\/faq\/"]}]},{"@type":"BreadcrumbList","@id":"https:\/\/centretmo.com\/en\/faq\/#breadcrumb","itemListElement":[{"@type":"ListItem","position":1,"name":"Home","item":"https:\/\/centretmo.com\/en\/"},{"@type":"ListItem","position":2,"name":"FAQ"}]},{"@type":"WebSite","@id":"https:\/\/centretmo.com\/#website","url":"https:\/\/centretmo.com\/","name":"Centre TMO","description":"Une \u00e9quipe multidisciplinaire de th\u00e9rapeutes professionnels exp\u00e9riment\u00e9s","potentialAction":[{"@type":"SearchAction","target":{"@type":"EntryPoint","urlTemplate":"https:\/\/centretmo.com\/?s={search_term_string}"},"query-input":{"@type":"PropertyValueSpecification","valueRequired":true,"valueName":"search_term_string"}}],"inLanguage":"en-US"}]}},"_links":{"self":[{"href":"https:\/\/centretmo.com\/en\/wp-json\/wp\/v2\/pages\/2995","targetHints":{"allow":["GET"]}}],"collection":[{"href":"https:\/\/centretmo.com\/en\/wp-json\/wp\/v2\/pages"}],"about":[{"href":"https:\/\/centretmo.com\/en\/wp-json\/wp\/v2\/types\/page"}],"author":[{"embeddable":true,"href":"https:\/\/centretmo.com\/en\/wp-json\/wp\/v2\/users\/1"}],"replies":[{"embeddable":true,"href":"https:\/\/centretmo.com\/en\/wp-json\/wp\/v2\/comments?post=2995"}],"version-history":[{"count":5,"href":"https:\/\/centretmo.com\/en\/wp-json\/wp\/v2\/pages\/2995\/revisions"}],"predecessor-version":[{"id":3599,"href":"https:\/\/centretmo.com\/en\/wp-json\/wp\/v2\/pages\/2995\/revisions\/3599"}],"wp:attachment":[{"href":"https:\/\/centretmo.com\/en\/wp-json\/wp\/v2\/media?parent=2995"}],"curies":[{"name":"wp","href":"https:\/\/api.w.org\/{rel}","templated":true}]}}