{"id":2990,"date":"2018-09-21T13:31:42","date_gmt":"2018-09-21T17:31:42","guid":{"rendered":"https:\/\/centretmo.com\/traitements\/physiotherapie\/"},"modified":"2022-07-13T20:34:09","modified_gmt":"2022-07-14T00:34:09","slug":"physiotherapy","status":"publish","type":"page","link":"https:\/\/centretmo.com\/en\/treatments\/physiotherapy\/","title":{"rendered":"Physiotherapy"},"content":{"rendered":"","protected":false},"excerpt":{"rendered":"","protected":false},"author":1,"featured_media":0,"parent":2982,"menu_order":26,"comment_status":"closed","ping_status":"closed","template":"templates\/page-physio.php","meta":{"_acf_changed":false,"footnotes":""},"class_list":["post-2990","page","type-page","status-publish","hentry"],"acf":[],"yoast_head":"<!-- This site is optimized with the Yoast SEO plugin v27.4 - https:\/\/yoast.com\/product\/yoast-seo-wordpress\/ -->\n<title>Physiotherapy - Centre TMO \u2013 Blessure? Douleur? N&#039;attendez pas!<\/title>\n<meta name=\"description\" content=\"Nos th\u00e9rapeutes en physioth\u00e9rapie s\u2019occupent de vous. Ils prendront soin de vos articulations et de vos muscles. Prenez rendez-vous au Centre TMO.\" \/>\n<meta name=\"robots\" content=\"index, follow, max-snippet:-1, max-image-preview:large, max-video-preview:-1\" \/>\n<link rel=\"canonical\" href=\"https:\/\/centretmo.com\/en\/treatments\/physiotherapy\/\" \/>\n<meta property=\"og:locale\" content=\"en_US\" \/>\n<meta property=\"og:type\" content=\"article\" \/>\n<meta property=\"og:title\" content=\"Physiotherapy - Centre TMO \u2013 Blessure? Douleur? N&#039;attendez pas!\" \/>\n<meta property=\"og:description\" content=\"Nos th\u00e9rapeutes en physioth\u00e9rapie s\u2019occupent de vous. Ils prendront soin de vos articulations et de vos muscles. Prenez rendez-vous au Centre TMO.\" \/>\n<meta property=\"og:url\" content=\"https:\/\/centretmo.com\/en\/treatments\/physiotherapy\/\" \/>\n<meta property=\"og:site_name\" content=\"Centre TMO\" \/>\n<meta property=\"article:modified_time\" content=\"2022-07-14T00:34:09+00:00\" \/>\n<meta name=\"twitter:card\" content=\"summary_large_image\" \/>\n<script type=\"application\/ld+json\" class=\"yoast-schema-graph\">{\"@context\":\"https:\\\/\\\/schema.org\",\"@graph\":[{\"@type\":\"WebPage\",\"@id\":\"https:\\\/\\\/centretmo.com\\\/en\\\/treatments\\\/physiotherapy\\\/\",\"url\":\"https:\\\/\\\/centretmo.com\\\/en\\\/treatments\\\/physiotherapy\\\/\",\"name\":\"Physiotherapy - Centre TMO \u2013 Blessure? Douleur? N'attendez pas!\",\"isPartOf\":{\"@id\":\"https:\\\/\\\/centretmo.com\\\/#website\"},\"datePublished\":\"2018-09-21T17:31:42+00:00\",\"dateModified\":\"2022-07-14T00:34:09+00:00\",\"description\":\"Nos th\u00e9rapeutes en physioth\u00e9rapie s\u2019occupent de vous. Ils prendront soin de vos articulations et de vos muscles. Prenez rendez-vous au Centre TMO.\",\"breadcrumb\":{\"@id\":\"https:\\\/\\\/centretmo.com\\\/en\\\/treatments\\\/physiotherapy\\\/#breadcrumb\"},\"inLanguage\":\"en-US\",\"potentialAction\":[{\"@type\":\"ReadAction\",\"target\":[\"https:\\\/\\\/centretmo.com\\\/en\\\/treatments\\\/physiotherapy\\\/\"]}]},{\"@type\":\"BreadcrumbList\",\"@id\":\"https:\\\/\\\/centretmo.com\\\/en\\\/treatments\\\/physiotherapy\\\/#breadcrumb\",\"itemListElement\":[{\"@type\":\"ListItem\",\"position\":1,\"name\":\"Home\",\"item\":\"https:\\\/\\\/centretmo.com\\\/en\\\/\"},{\"@type\":\"ListItem\",\"position\":2,\"name\":\"Treatments\",\"item\":\"https:\\\/\\\/centretmo.com\\\/en\\\/treatments\\\/\"},{\"@type\":\"ListItem\",\"position\":3,\"name\":\"Physiotherapy\"}]},{\"@type\":\"WebSite\",\"@id\":\"https:\\\/\\\/centretmo.com\\\/#website\",\"url\":\"https:\\\/\\\/centretmo.com\\\/\",\"name\":\"Centre TMO\",\"description\":\"Une \u00e9quipe multidisciplinaire de th\u00e9rapeutes professionnels exp\u00e9riment\u00e9s\",\"potentialAction\":[{\"@type\":\"SearchAction\",\"target\":{\"@type\":\"EntryPoint\",\"urlTemplate\":\"https:\\\/\\\/centretmo.com\\\/?s={search_term_string}\"},\"query-input\":{\"@type\":\"PropertyValueSpecification\",\"valueRequired\":true,\"valueName\":\"search_term_string\"}}],\"inLanguage\":\"en-US\"}]}<\/script>\n<!-- \/ Yoast SEO plugin. -->","yoast_head_json":{"title":"Physiotherapy - Centre TMO \u2013 Blessure? Douleur? N'attendez pas!","description":"Nos th\u00e9rapeutes en physioth\u00e9rapie s\u2019occupent de vous. Ils prendront soin de vos articulations et de vos muscles. Prenez rendez-vous au Centre TMO.","robots":{"index":"index","follow":"follow","max-snippet":"max-snippet:-1","max-image-preview":"max-image-preview:large","max-video-preview":"max-video-preview:-1"},"canonical":"https:\/\/centretmo.com\/en\/treatments\/physiotherapy\/","og_locale":"en_US","og_type":"article","og_title":"Physiotherapy - Centre TMO \u2013 Blessure? Douleur? N'attendez pas!","og_description":"Nos th\u00e9rapeutes en physioth\u00e9rapie s\u2019occupent de vous. Ils prendront soin de vos articulations et de vos muscles. Prenez rendez-vous au Centre TMO.","og_url":"https:\/\/centretmo.com\/en\/treatments\/physiotherapy\/","og_site_name":"Centre TMO","article_modified_time":"2022-07-14T00:34:09+00:00","twitter_card":"summary_large_image","schema":{"@context":"https:\/\/schema.org","@graph":[{"@type":"WebPage","@id":"https:\/\/centretmo.com\/en\/treatments\/physiotherapy\/","url":"https:\/\/centretmo.com\/en\/treatments\/physiotherapy\/","name":"Physiotherapy - Centre TMO \u2013 Blessure? Douleur? N'attendez pas!","isPartOf":{"@id":"https:\/\/centretmo.com\/#website"},"datePublished":"2018-09-21T17:31:42+00:00","dateModified":"2022-07-14T00:34:09+00:00","description":"Nos th\u00e9rapeutes en physioth\u00e9rapie s\u2019occupent de vous. Ils prendront soin de vos articulations et de vos muscles. Prenez rendez-vous au Centre TMO.","breadcrumb":{"@id":"https:\/\/centretmo.com\/en\/treatments\/physiotherapy\/#breadcrumb"},"inLanguage":"en-US","potentialAction":[{"@type":"ReadAction","target":["https:\/\/centretmo.com\/en\/treatments\/physiotherapy\/"]}]},{"@type":"BreadcrumbList","@id":"https:\/\/centretmo.com\/en\/treatments\/physiotherapy\/#breadcrumb","itemListElement":[{"@type":"ListItem","position":1,"name":"Home","item":"https:\/\/centretmo.com\/en\/"},{"@type":"ListItem","position":2,"name":"Treatments","item":"https:\/\/centretmo.com\/en\/treatments\/"},{"@type":"ListItem","position":3,"name":"Physiotherapy"}]},{"@type":"WebSite","@id":"https:\/\/centretmo.com\/#website","url":"https:\/\/centretmo.com\/","name":"Centre TMO","description":"Une \u00e9quipe multidisciplinaire de th\u00e9rapeutes professionnels exp\u00e9riment\u00e9s","potentialAction":[{"@type":"SearchAction","target":{"@type":"EntryPoint","urlTemplate":"https:\/\/centretmo.com\/?s={search_term_string}"},"query-input":{"@type":"PropertyValueSpecification","valueRequired":true,"valueName":"search_term_string"}}],"inLanguage":"en-US"}]}},"_links":{"self":[{"href":"https:\/\/centretmo.com\/en\/wp-json\/wp\/v2\/pages\/2990","targetHints":{"allow":["GET"]}}],"collection":[{"href":"https:\/\/centretmo.com\/en\/wp-json\/wp\/v2\/pages"}],"about":[{"href":"https:\/\/centretmo.com\/en\/wp-json\/wp\/v2\/types\/page"}],"author":[{"embeddable":true,"href":"https:\/\/centretmo.com\/en\/wp-json\/wp\/v2\/users\/1"}],"replies":[{"embeddable":true,"href":"https:\/\/centretmo.com\/en\/wp-json\/wp\/v2\/comments?post=2990"}],"version-history":[{"count":5,"href":"https:\/\/centretmo.com\/en\/wp-json\/wp\/v2\/pages\/2990\/revisions"}],"predecessor-version":[{"id":3773,"href":"https:\/\/centretmo.com\/en\/wp-json\/wp\/v2\/pages\/2990\/revisions\/3773"}],"up":[{"embeddable":true,"href":"https:\/\/centretmo.com\/en\/wp-json\/wp\/v2\/pages\/2982"}],"wp:attachment":[{"href":"https:\/\/centretmo.com\/en\/wp-json\/wp\/v2\/media?parent=2990"}],"curies":[{"name":"wp","href":"https:\/\/api.w.org\/{rel}","templated":true}]}}