{"id":2986,"date":"2018-09-21T13:38:09","date_gmt":"2018-09-21T17:38:09","guid":{"rendered":"https:\/\/centretmo.com\/traitements\/massotherapie\/"},"modified":"2026-03-18T20:53:58","modified_gmt":"2026-03-19T00:53:58","slug":"message-therapy","status":"publish","type":"page","link":"https:\/\/centretmo.com\/en\/treatments\/message-therapy\/","title":{"rendered":"Massage Therapy"},"content":{"rendered":"","protected":false},"excerpt":{"rendered":"","protected":false},"author":1,"featured_media":0,"parent":2982,"menu_order":22,"comment_status":"closed","ping_status":"closed","template":"templates\/page-masso.php","meta":{"_acf_changed":false,"footnotes":""},"class_list":["post-2986","page","type-page","status-publish","hentry"],"acf":[],"yoast_head":"<!-- This site is optimized with the Yoast SEO plugin v27.3 - https:\/\/yoast.com\/product\/yoast-seo-wordpress\/ -->\n<title>Massage Therapy - Centre TMO \u2013 Relaxez \u00e0 l&#039;aide d&#039;un massage!<\/title>\n<meta name=\"description\" content=\"La massoth\u00e9rapie est un art qui stimule vos sens et vous enveloppe d\u2019un sentiment de bien-\u00eatre unique. Relaxez \u00e0 l&#039;aide d&#039;un massage!\" \/>\n<meta name=\"robots\" content=\"index, follow, max-snippet:-1, max-image-preview:large, max-video-preview:-1\" \/>\n<link rel=\"canonical\" href=\"https:\/\/centretmo.com\/en\/treatments\/message-therapy\/\" \/>\n<meta property=\"og:locale\" content=\"en_US\" \/>\n<meta property=\"og:type\" content=\"article\" \/>\n<meta property=\"og:title\" content=\"Massage Therapy - Centre TMO \u2013 Relaxez \u00e0 l&#039;aide d&#039;un massage!\" \/>\n<meta property=\"og:description\" content=\"La massoth\u00e9rapie est un art qui stimule vos sens et vous enveloppe d\u2019un sentiment de bien-\u00eatre unique. Relaxez \u00e0 l&#039;aide d&#039;un massage!\" \/>\n<meta property=\"og:url\" content=\"https:\/\/centretmo.com\/en\/treatments\/message-therapy\/\" \/>\n<meta property=\"og:site_name\" content=\"Centre TMO\" \/>\n<meta property=\"article:modified_time\" content=\"2026-03-19T00:53:58+00:00\" \/>\n<meta name=\"twitter:card\" content=\"summary_large_image\" \/>\n<script type=\"application\/ld+json\" class=\"yoast-schema-graph\">{\"@context\":\"https:\\\/\\\/schema.org\",\"@graph\":[{\"@type\":\"WebPage\",\"@id\":\"https:\\\/\\\/centretmo.com\\\/en\\\/treatments\\\/message-therapy\\\/\",\"url\":\"https:\\\/\\\/centretmo.com\\\/en\\\/treatments\\\/message-therapy\\\/\",\"name\":\"Massage Therapy - Centre TMO \u2013 Relaxez \u00e0 l'aide d'un massage!\",\"isPartOf\":{\"@id\":\"https:\\\/\\\/centretmo.com\\\/#website\"},\"datePublished\":\"2018-09-21T17:38:09+00:00\",\"dateModified\":\"2026-03-19T00:53:58+00:00\",\"description\":\"La massoth\u00e9rapie est un art qui stimule vos sens et vous enveloppe d\u2019un sentiment de bien-\u00eatre unique. Relaxez \u00e0 l'aide d'un massage!\",\"breadcrumb\":{\"@id\":\"https:\\\/\\\/centretmo.com\\\/en\\\/treatments\\\/message-therapy\\\/#breadcrumb\"},\"inLanguage\":\"en-US\",\"potentialAction\":[{\"@type\":\"ReadAction\",\"target\":[\"https:\\\/\\\/centretmo.com\\\/en\\\/treatments\\\/message-therapy\\\/\"]}]},{\"@type\":\"BreadcrumbList\",\"@id\":\"https:\\\/\\\/centretmo.com\\\/en\\\/treatments\\\/message-therapy\\\/#breadcrumb\",\"itemListElement\":[{\"@type\":\"ListItem\",\"position\":1,\"name\":\"Home\",\"item\":\"https:\\\/\\\/centretmo.com\\\/en\\\/\"},{\"@type\":\"ListItem\",\"position\":2,\"name\":\"Treatments\",\"item\":\"https:\\\/\\\/centretmo.com\\\/en\\\/treatments\\\/\"},{\"@type\":\"ListItem\",\"position\":3,\"name\":\"Massage Therapy\"}]},{\"@type\":\"WebSite\",\"@id\":\"https:\\\/\\\/centretmo.com\\\/#website\",\"url\":\"https:\\\/\\\/centretmo.com\\\/\",\"name\":\"Centre TMO\",\"description\":\"Une \u00e9quipe multidisciplinaire de th\u00e9rapeutes professionnels exp\u00e9riment\u00e9s\",\"potentialAction\":[{\"@type\":\"SearchAction\",\"target\":{\"@type\":\"EntryPoint\",\"urlTemplate\":\"https:\\\/\\\/centretmo.com\\\/?s={search_term_string}\"},\"query-input\":{\"@type\":\"PropertyValueSpecification\",\"valueRequired\":true,\"valueName\":\"search_term_string\"}}],\"inLanguage\":\"en-US\"}]}<\/script>\n<!-- \/ Yoast SEO plugin. -->","yoast_head_json":{"title":"Massage Therapy - Centre TMO \u2013 Relaxez \u00e0 l'aide d'un massage!","description":"La massoth\u00e9rapie est un art qui stimule vos sens et vous enveloppe d\u2019un sentiment de bien-\u00eatre unique. Relaxez \u00e0 l'aide d'un massage!","robots":{"index":"index","follow":"follow","max-snippet":"max-snippet:-1","max-image-preview":"max-image-preview:large","max-video-preview":"max-video-preview:-1"},"canonical":"https:\/\/centretmo.com\/en\/treatments\/message-therapy\/","og_locale":"en_US","og_type":"article","og_title":"Massage Therapy - Centre TMO \u2013 Relaxez \u00e0 l'aide d'un massage!","og_description":"La massoth\u00e9rapie est un art qui stimule vos sens et vous enveloppe d\u2019un sentiment de bien-\u00eatre unique. Relaxez \u00e0 l'aide d'un massage!","og_url":"https:\/\/centretmo.com\/en\/treatments\/message-therapy\/","og_site_name":"Centre TMO","article_modified_time":"2026-03-19T00:53:58+00:00","twitter_card":"summary_large_image","schema":{"@context":"https:\/\/schema.org","@graph":[{"@type":"WebPage","@id":"https:\/\/centretmo.com\/en\/treatments\/message-therapy\/","url":"https:\/\/centretmo.com\/en\/treatments\/message-therapy\/","name":"Massage Therapy - Centre TMO \u2013 Relaxez \u00e0 l'aide d'un massage!","isPartOf":{"@id":"https:\/\/centretmo.com\/#website"},"datePublished":"2018-09-21T17:38:09+00:00","dateModified":"2026-03-19T00:53:58+00:00","description":"La massoth\u00e9rapie est un art qui stimule vos sens et vous enveloppe d\u2019un sentiment de bien-\u00eatre unique. Relaxez \u00e0 l'aide d'un massage!","breadcrumb":{"@id":"https:\/\/centretmo.com\/en\/treatments\/message-therapy\/#breadcrumb"},"inLanguage":"en-US","potentialAction":[{"@type":"ReadAction","target":["https:\/\/centretmo.com\/en\/treatments\/message-therapy\/"]}]},{"@type":"BreadcrumbList","@id":"https:\/\/centretmo.com\/en\/treatments\/message-therapy\/#breadcrumb","itemListElement":[{"@type":"ListItem","position":1,"name":"Home","item":"https:\/\/centretmo.com\/en\/"},{"@type":"ListItem","position":2,"name":"Treatments","item":"https:\/\/centretmo.com\/en\/treatments\/"},{"@type":"ListItem","position":3,"name":"Massage Therapy"}]},{"@type":"WebSite","@id":"https:\/\/centretmo.com\/#website","url":"https:\/\/centretmo.com\/","name":"Centre TMO","description":"Une \u00e9quipe multidisciplinaire de th\u00e9rapeutes professionnels exp\u00e9riment\u00e9s","potentialAction":[{"@type":"SearchAction","target":{"@type":"EntryPoint","urlTemplate":"https:\/\/centretmo.com\/?s={search_term_string}"},"query-input":{"@type":"PropertyValueSpecification","valueRequired":true,"valueName":"search_term_string"}}],"inLanguage":"en-US"}]}},"_links":{"self":[{"href":"https:\/\/centretmo.com\/en\/wp-json\/wp\/v2\/pages\/2986","targetHints":{"allow":["GET"]}}],"collection":[{"href":"https:\/\/centretmo.com\/en\/wp-json\/wp\/v2\/pages"}],"about":[{"href":"https:\/\/centretmo.com\/en\/wp-json\/wp\/v2\/types\/page"}],"author":[{"embeddable":true,"href":"https:\/\/centretmo.com\/en\/wp-json\/wp\/v2\/users\/1"}],"replies":[{"embeddable":true,"href":"https:\/\/centretmo.com\/en\/wp-json\/wp\/v2\/comments?post=2986"}],"version-history":[{"count":5,"href":"https:\/\/centretmo.com\/en\/wp-json\/wp\/v2\/pages\/2986\/revisions"}],"predecessor-version":[{"id":4220,"href":"https:\/\/centretmo.com\/en\/wp-json\/wp\/v2\/pages\/2986\/revisions\/4220"}],"up":[{"embeddable":true,"href":"https:\/\/centretmo.com\/en\/wp-json\/wp\/v2\/pages\/2982"}],"wp:attachment":[{"href":"https:\/\/centretmo.com\/en\/wp-json\/wp\/v2\/media?parent=2986"}],"curies":[{"name":"wp","href":"https:\/\/api.w.org\/{rel}","templated":true}]}}