{"id":2973,"date":"2018-11-26T11:41:25","date_gmt":"2018-11-26T16:41:25","guid":{"rendered":"https:\/\/centretmo.com\/?page_id=2973"},"modified":"2018-11-28T11:09:17","modified_gmt":"2018-11-28T16:09:17","slug":"therapist","status":"publish","type":"page","link":"https:\/\/centretmo.com\/en\/therapist\/","title":{"rendered":"Therapists"},"content":{"rendered":"","protected":false},"excerpt":{"rendered":"","protected":false},"author":1,"featured_media":0,"parent":0,"menu_order":0,"comment_status":"closed","ping_status":"closed","template":"templates\/page-therapeutes.php","meta":{"_acf_changed":false,"footnotes":""},"class_list":["post-2973","page","type-page","status-publish","hentry"],"acf":[],"yoast_head":"<!-- This site is optimized with the Yoast SEO plugin v27.4 - https:\/\/yoast.com\/product\/yoast-seo-wordpress\/ -->\n<title>Therapists - Centre TMO \u2013 Une \u00e9quipe multidisciplinaire \u00e0 votre service<\/title>\n<meta name=\"description\" content=\"En regroupant trois th\u00e9rapies manuelles, le Centre TMO vous propose une \u00e9quipe de th\u00e9rapeutes chevronn\u00e9s afin de soulager vos douleurs de fa\u00e7on optimale.\" \/>\n<meta name=\"robots\" content=\"index, follow, max-snippet:-1, max-image-preview:large, max-video-preview:-1\" \/>\n<link rel=\"canonical\" href=\"https:\/\/centretmo.com\/en\/therapist\/\" \/>\n<meta property=\"og:locale\" content=\"en_US\" \/>\n<meta property=\"og:type\" content=\"article\" \/>\n<meta property=\"og:title\" content=\"Therapists - Centre TMO \u2013 Une \u00e9quipe multidisciplinaire \u00e0 votre service\" \/>\n<meta property=\"og:description\" content=\"En regroupant trois th\u00e9rapies manuelles, le Centre TMO vous propose une \u00e9quipe de th\u00e9rapeutes chevronn\u00e9s afin de soulager vos douleurs de fa\u00e7on optimale.\" \/>\n<meta property=\"og:url\" content=\"https:\/\/centretmo.com\/en\/therapist\/\" \/>\n<meta property=\"og:site_name\" content=\"Centre TMO\" \/>\n<meta property=\"article:modified_time\" content=\"2018-11-28T16:09:17+00:00\" \/>\n<meta name=\"twitter:card\" content=\"summary_large_image\" \/>\n<script type=\"application\/ld+json\" class=\"yoast-schema-graph\">{\"@context\":\"https:\\\/\\\/schema.org\",\"@graph\":[{\"@type\":\"WebPage\",\"@id\":\"https:\\\/\\\/centretmo.com\\\/en\\\/therapist\\\/\",\"url\":\"https:\\\/\\\/centretmo.com\\\/en\\\/therapist\\\/\",\"name\":\"Therapists - Centre TMO \u2013 Une \u00e9quipe multidisciplinaire \u00e0 votre service\",\"isPartOf\":{\"@id\":\"https:\\\/\\\/centretmo.com\\\/#website\"},\"datePublished\":\"2018-11-26T16:41:25+00:00\",\"dateModified\":\"2018-11-28T16:09:17+00:00\",\"description\":\"En regroupant trois th\u00e9rapies manuelles, le Centre TMO vous propose une \u00e9quipe de th\u00e9rapeutes chevronn\u00e9s afin de soulager vos douleurs de fa\u00e7on optimale.\",\"breadcrumb\":{\"@id\":\"https:\\\/\\\/centretmo.com\\\/en\\\/therapist\\\/#breadcrumb\"},\"inLanguage\":\"en-US\",\"potentialAction\":[{\"@type\":\"ReadAction\",\"target\":[\"https:\\\/\\\/centretmo.com\\\/en\\\/therapist\\\/\"]}]},{\"@type\":\"BreadcrumbList\",\"@id\":\"https:\\\/\\\/centretmo.com\\\/en\\\/therapist\\\/#breadcrumb\",\"itemListElement\":[{\"@type\":\"ListItem\",\"position\":1,\"name\":\"Home\",\"item\":\"https:\\\/\\\/centretmo.com\\\/en\\\/\"},{\"@type\":\"ListItem\",\"position\":2,\"name\":\"Therapists\"}]},{\"@type\":\"WebSite\",\"@id\":\"https:\\\/\\\/centretmo.com\\\/#website\",\"url\":\"https:\\\/\\\/centretmo.com\\\/\",\"name\":\"Centre TMO\",\"description\":\"Une \u00e9quipe multidisciplinaire de th\u00e9rapeutes professionnels exp\u00e9riment\u00e9s\",\"potentialAction\":[{\"@type\":\"SearchAction\",\"target\":{\"@type\":\"EntryPoint\",\"urlTemplate\":\"https:\\\/\\\/centretmo.com\\\/?s={search_term_string}\"},\"query-input\":{\"@type\":\"PropertyValueSpecification\",\"valueRequired\":true,\"valueName\":\"search_term_string\"}}],\"inLanguage\":\"en-US\"}]}<\/script>\n<!-- \/ Yoast SEO plugin. -->","yoast_head_json":{"title":"Therapists - Centre TMO \u2013 Une \u00e9quipe multidisciplinaire \u00e0 votre service","description":"En regroupant trois th\u00e9rapies manuelles, le Centre TMO vous propose une \u00e9quipe de th\u00e9rapeutes chevronn\u00e9s afin de soulager vos douleurs de fa\u00e7on optimale.","robots":{"index":"index","follow":"follow","max-snippet":"max-snippet:-1","max-image-preview":"max-image-preview:large","max-video-preview":"max-video-preview:-1"},"canonical":"https:\/\/centretmo.com\/en\/therapist\/","og_locale":"en_US","og_type":"article","og_title":"Therapists - Centre TMO \u2013 Une \u00e9quipe multidisciplinaire \u00e0 votre service","og_description":"En regroupant trois th\u00e9rapies manuelles, le Centre TMO vous propose une \u00e9quipe de th\u00e9rapeutes chevronn\u00e9s afin de soulager vos douleurs de fa\u00e7on optimale.","og_url":"https:\/\/centretmo.com\/en\/therapist\/","og_site_name":"Centre TMO","article_modified_time":"2018-11-28T16:09:17+00:00","twitter_card":"summary_large_image","schema":{"@context":"https:\/\/schema.org","@graph":[{"@type":"WebPage","@id":"https:\/\/centretmo.com\/en\/therapist\/","url":"https:\/\/centretmo.com\/en\/therapist\/","name":"Therapists - Centre TMO \u2013 Une \u00e9quipe multidisciplinaire \u00e0 votre service","isPartOf":{"@id":"https:\/\/centretmo.com\/#website"},"datePublished":"2018-11-26T16:41:25+00:00","dateModified":"2018-11-28T16:09:17+00:00","description":"En regroupant trois th\u00e9rapies manuelles, le Centre TMO vous propose une \u00e9quipe de th\u00e9rapeutes chevronn\u00e9s afin de soulager vos douleurs de fa\u00e7on optimale.","breadcrumb":{"@id":"https:\/\/centretmo.com\/en\/therapist\/#breadcrumb"},"inLanguage":"en-US","potentialAction":[{"@type":"ReadAction","target":["https:\/\/centretmo.com\/en\/therapist\/"]}]},{"@type":"BreadcrumbList","@id":"https:\/\/centretmo.com\/en\/therapist\/#breadcrumb","itemListElement":[{"@type":"ListItem","position":1,"name":"Home","item":"https:\/\/centretmo.com\/en\/"},{"@type":"ListItem","position":2,"name":"Therapists"}]},{"@type":"WebSite","@id":"https:\/\/centretmo.com\/#website","url":"https:\/\/centretmo.com\/","name":"Centre TMO","description":"Une \u00e9quipe multidisciplinaire de th\u00e9rapeutes professionnels exp\u00e9riment\u00e9s","potentialAction":[{"@type":"SearchAction","target":{"@type":"EntryPoint","urlTemplate":"https:\/\/centretmo.com\/?s={search_term_string}"},"query-input":{"@type":"PropertyValueSpecification","valueRequired":true,"valueName":"search_term_string"}}],"inLanguage":"en-US"}]}},"_links":{"self":[{"href":"https:\/\/centretmo.com\/en\/wp-json\/wp\/v2\/pages\/2973","targetHints":{"allow":["GET"]}}],"collection":[{"href":"https:\/\/centretmo.com\/en\/wp-json\/wp\/v2\/pages"}],"about":[{"href":"https:\/\/centretmo.com\/en\/wp-json\/wp\/v2\/types\/page"}],"author":[{"embeddable":true,"href":"https:\/\/centretmo.com\/en\/wp-json\/wp\/v2\/users\/1"}],"replies":[{"embeddable":true,"href":"https:\/\/centretmo.com\/en\/wp-json\/wp\/v2\/comments?post=2973"}],"version-history":[{"count":5,"href":"https:\/\/centretmo.com\/en\/wp-json\/wp\/v2\/pages\/2973\/revisions"}],"predecessor-version":[{"id":3209,"href":"https:\/\/centretmo.com\/en\/wp-json\/wp\/v2\/pages\/2973\/revisions\/3209"}],"wp:attachment":[{"href":"https:\/\/centretmo.com\/en\/wp-json\/wp\/v2\/media?parent=2973"}],"curies":[{"name":"wp","href":"https:\/\/api.w.org\/{rel}","templated":true}]}}