{"id":2453,"date":"2018-09-21T13:30:16","date_gmt":"2018-09-21T17:30:16","guid":{"rendered":"https:\/\/centretmo.com\/?page_id=2453"},"modified":"2026-04-02T09:42:12","modified_gmt":"2026-04-02T13:42:12","slug":"home","status":"publish","type":"page","link":"https:\/\/centretmo.com\/en\/","title":{"rendered":"Home"},"content":{"rendered":"","protected":false},"excerpt":{"rendered":"","protected":false},"author":1,"featured_media":0,"parent":0,"menu_order":33,"comment_status":"closed","ping_status":"closed","template":"","meta":{"_acf_changed":false,"footnotes":""},"class_list":["post-2453","page","type-page","status-publish","hentry"],"acf":[],"yoast_head":"<!-- This site is optimized with the Yoast SEO plugin v27.4 - https:\/\/yoast.com\/product\/yoast-seo-wordpress\/ -->\n<title>Home - Centre TMO \u2013 Physioth\u00e9rapie, ost\u00e9opathie et massoth\u00e9rapie<\/title>\n<meta name=\"description\" content=\"Centre TMO \u2013 Une \u00e9quipe multidisciplinaire de th\u00e9rapeutes professionnels exp\u00e9riment\u00e9s en physioth\u00e9rapie, ost\u00e9opathie et massoth\u00e9rapie pour vous soigner.\" \/>\n<meta name=\"robots\" content=\"index, follow, max-snippet:-1, max-image-preview:large, max-video-preview:-1\" \/>\n<link rel=\"canonical\" href=\"https:\/\/centretmo.com\/en\/\" \/>\n<meta property=\"og:locale\" content=\"en_US\" \/>\n<meta property=\"og:type\" content=\"article\" \/>\n<meta property=\"og:title\" content=\"Home - Centre TMO \u2013 Physioth\u00e9rapie, ost\u00e9opathie et massoth\u00e9rapie\" \/>\n<meta property=\"og:description\" content=\"Centre TMO \u2013 Une \u00e9quipe multidisciplinaire de th\u00e9rapeutes professionnels exp\u00e9riment\u00e9s en physioth\u00e9rapie, ost\u00e9opathie et massoth\u00e9rapie pour vous soigner.\" \/>\n<meta property=\"og:url\" content=\"https:\/\/centretmo.com\/en\/\" \/>\n<meta property=\"og:site_name\" content=\"Centre TMO\" \/>\n<meta property=\"article:modified_time\" content=\"2026-04-02T13:42:12+00:00\" \/>\n<meta name=\"twitter:card\" content=\"summary_large_image\" \/>\n<script type=\"application\/ld+json\" class=\"yoast-schema-graph\">{\"@context\":\"https:\\\/\\\/schema.org\",\"@graph\":[{\"@type\":\"WebPage\",\"@id\":\"https:\\\/\\\/centretmo.com\\\/en\\\/\",\"url\":\"https:\\\/\\\/centretmo.com\\\/en\\\/\",\"name\":\"Home - Centre TMO \u2013 Physioth\u00e9rapie, ost\u00e9opathie et massoth\u00e9rapie\",\"isPartOf\":{\"@id\":\"https:\\\/\\\/centretmo.com\\\/#website\"},\"datePublished\":\"2018-09-21T17:30:16+00:00\",\"dateModified\":\"2026-04-02T13:42:12+00:00\",\"description\":\"Centre TMO \u2013 Une \u00e9quipe multidisciplinaire de th\u00e9rapeutes professionnels exp\u00e9riment\u00e9s en physioth\u00e9rapie, ost\u00e9opathie et massoth\u00e9rapie pour vous soigner.\",\"breadcrumb\":{\"@id\":\"https:\\\/\\\/centretmo.com\\\/en\\\/#breadcrumb\"},\"inLanguage\":\"en-US\",\"potentialAction\":[{\"@type\":\"ReadAction\",\"target\":[\"https:\\\/\\\/centretmo.com\\\/en\\\/\"]}]},{\"@type\":\"BreadcrumbList\",\"@id\":\"https:\\\/\\\/centretmo.com\\\/en\\\/#breadcrumb\",\"itemListElement\":[{\"@type\":\"ListItem\",\"position\":1,\"name\":\"Home\",\"item\":\"https:\\\/\\\/centretmo.com\\\/en\\\/\"},{\"@type\":\"ListItem\",\"position\":2,\"name\":\"Home\"}]},{\"@type\":\"WebSite\",\"@id\":\"https:\\\/\\\/centretmo.com\\\/#website\",\"url\":\"https:\\\/\\\/centretmo.com\\\/\",\"name\":\"Centre TMO\",\"description\":\"Une \u00e9quipe multidisciplinaire de th\u00e9rapeutes professionnels exp\u00e9riment\u00e9s\",\"potentialAction\":[{\"@type\":\"SearchAction\",\"target\":{\"@type\":\"EntryPoint\",\"urlTemplate\":\"https:\\\/\\\/centretmo.com\\\/?s={search_term_string}\"},\"query-input\":{\"@type\":\"PropertyValueSpecification\",\"valueRequired\":true,\"valueName\":\"search_term_string\"}}],\"inLanguage\":\"en-US\"}]}<\/script>\n<!-- \/ Yoast SEO plugin. -->","yoast_head_json":{"title":"Home - Centre TMO \u2013 Physioth\u00e9rapie, ost\u00e9opathie et massoth\u00e9rapie","description":"Centre TMO \u2013 Une \u00e9quipe multidisciplinaire de th\u00e9rapeutes professionnels exp\u00e9riment\u00e9s en physioth\u00e9rapie, ost\u00e9opathie et massoth\u00e9rapie pour vous soigner.","robots":{"index":"index","follow":"follow","max-snippet":"max-snippet:-1","max-image-preview":"max-image-preview:large","max-video-preview":"max-video-preview:-1"},"canonical":"https:\/\/centretmo.com\/en\/","og_locale":"en_US","og_type":"article","og_title":"Home - Centre TMO \u2013 Physioth\u00e9rapie, ost\u00e9opathie et massoth\u00e9rapie","og_description":"Centre TMO \u2013 Une \u00e9quipe multidisciplinaire de th\u00e9rapeutes professionnels exp\u00e9riment\u00e9s en physioth\u00e9rapie, ost\u00e9opathie et massoth\u00e9rapie pour vous soigner.","og_url":"https:\/\/centretmo.com\/en\/","og_site_name":"Centre TMO","article_modified_time":"2026-04-02T13:42:12+00:00","twitter_card":"summary_large_image","schema":{"@context":"https:\/\/schema.org","@graph":[{"@type":"WebPage","@id":"https:\/\/centretmo.com\/en\/","url":"https:\/\/centretmo.com\/en\/","name":"Home - Centre TMO \u2013 Physioth\u00e9rapie, ost\u00e9opathie et massoth\u00e9rapie","isPartOf":{"@id":"https:\/\/centretmo.com\/#website"},"datePublished":"2018-09-21T17:30:16+00:00","dateModified":"2026-04-02T13:42:12+00:00","description":"Centre TMO \u2013 Une \u00e9quipe multidisciplinaire de th\u00e9rapeutes professionnels exp\u00e9riment\u00e9s en physioth\u00e9rapie, ost\u00e9opathie et massoth\u00e9rapie pour vous soigner.","breadcrumb":{"@id":"https:\/\/centretmo.com\/en\/#breadcrumb"},"inLanguage":"en-US","potentialAction":[{"@type":"ReadAction","target":["https:\/\/centretmo.com\/en\/"]}]},{"@type":"BreadcrumbList","@id":"https:\/\/centretmo.com\/en\/#breadcrumb","itemListElement":[{"@type":"ListItem","position":1,"name":"Home","item":"https:\/\/centretmo.com\/en\/"},{"@type":"ListItem","position":2,"name":"Home"}]},{"@type":"WebSite","@id":"https:\/\/centretmo.com\/#website","url":"https:\/\/centretmo.com\/","name":"Centre TMO","description":"Une \u00e9quipe multidisciplinaire de th\u00e9rapeutes professionnels exp\u00e9riment\u00e9s","potentialAction":[{"@type":"SearchAction","target":{"@type":"EntryPoint","urlTemplate":"https:\/\/centretmo.com\/?s={search_term_string}"},"query-input":{"@type":"PropertyValueSpecification","valueRequired":true,"valueName":"search_term_string"}}],"inLanguage":"en-US"}]}},"_links":{"self":[{"href":"https:\/\/centretmo.com\/en\/wp-json\/wp\/v2\/pages\/2453","targetHints":{"allow":["GET"]}}],"collection":[{"href":"https:\/\/centretmo.com\/en\/wp-json\/wp\/v2\/pages"}],"about":[{"href":"https:\/\/centretmo.com\/en\/wp-json\/wp\/v2\/types\/page"}],"author":[{"embeddable":true,"href":"https:\/\/centretmo.com\/en\/wp-json\/wp\/v2\/users\/1"}],"replies":[{"embeddable":true,"href":"https:\/\/centretmo.com\/en\/wp-json\/wp\/v2\/comments?post=2453"}],"version-history":[{"count":5,"href":"https:\/\/centretmo.com\/en\/wp-json\/wp\/v2\/pages\/2453\/revisions"}],"predecessor-version":[{"id":4229,"href":"https:\/\/centretmo.com\/en\/wp-json\/wp\/v2\/pages\/2453\/revisions\/4229"}],"wp:attachment":[{"href":"https:\/\/centretmo.com\/en\/wp-json\/wp\/v2\/media?parent=2453"}],"curies":[{"name":"wp","href":"https:\/\/api.w.org\/{rel}","templated":true}]}}